{"id":78,"date":"2025-02-14T11:46:30","date_gmt":"2025-02-14T11:46:30","guid":{"rendered":"https:\/\/eurosalesman.world\/usa\/"},"modified":"2025-02-14T11:56:11","modified_gmt":"2025-02-14T11:56:11","slug":"usa","status":"publish","type":"page","link":"https:\/\/eurosalesman.world\/pt\/","title":{"rendered":"World"},"content":{"rendered":"<div data-elementor-type=\"wp-page\" data-elementor-id=\"78\" class=\"elementor elementor-78\" data-elementor-post-type=\"page\">\n\t\t\t\t<div class=\"elementor-element elementor-element-5e093023 e-con-full e-flex e-con e-parent\" data-id=\"5e093023\" data-element_type=\"container\" data-e-type=\"container\" data-settings=\"{&quot;background_background&quot;:&quot;classic&quot;}\">\n\t\t<div class=\"elementor-element elementor-element-1ea09633 e-con-full e-flex e-con e-child\" data-id=\"1ea09633\" data-element_type=\"container\" data-e-type=\"container\">\n\t\t\t\t<div class=\"elementor-element elementor-element-7edafa7 elementor-widget__width-inherit elementor-widget-divider--view-line elementor-invisible elementor-widget elementor-widget-divider\" data-id=\"7edafa7\" data-element_type=\"widget\" data-e-type=\"widget\" data-settings=\"{&quot;_animation&quot;:&quot;fadeInLeft&quot;}\" data-widget_type=\"divider.default\">\n\t\t\t\t<div class=\"elementor-widget-container\">\n\t\t\t\t\t\t\t<div class=\"elementor-divider\">\n\t\t\t<span class=\"elementor-divider-separator\">\n\t\t\t\t\t\t<\/span>\n\t\t<\/div>\n\t\t\t\t\t\t<\/div>\n\t\t\t\t<\/div>\n\t\t\t\t<div class=\"elementor-element elementor-element-5a9bb81f elementor-widget__width-initial elementor-widget-tablet__width-inherit elementor-widget elementor-widget-heading\" data-id=\"5a9bb81f\" data-element_type=\"widget\" data-e-type=\"widget\" data-widget_type=\"heading.default\">\n\t\t\t\t<div class=\"elementor-widget-container\">\n\t\t\t\t\t<h1 class=\"elementor-heading-title elementor-size-default\">World - Desbloquear oportunidades de neg\u00f3cio globais!<\/h1>\t\t\t\t<\/div>\n\t\t\t\t<\/div>\n\t\t\t\t<div class=\"elementor-element elementor-element-407a40b elementor-widget__width-initial elementor-widget-tablet__width-inherit elementor-widget elementor-widget-text-editor\" data-id=\"407a40b\" data-element_type=\"widget\" data-e-type=\"widget\" data-widget_type=\"text-editor.default\">\n\t\t\t\t<div class=\"elementor-widget-container\">\n\t\t\t\t\t\t\t\t\t<p>Entre num mercado din\u00e2mico e sem fronteiras onde a sua marca pode prosperar \u00e0 escala global. Com o Eurosalesman\u00ae, explore o vasto potencial dos mercados internacionais, alcan\u00e7ando consumidores de todos os cantos do mundo e expandindo a sua influ\u00eancia para al\u00e9m das fronteiras.<\/p>\t\t\t\t\t\t\t\t<\/div>\n\t\t\t\t<\/div>\n\t\t\t\t<\/div>\n\t\t\t\t<\/div>\n\t\t<div class=\"elementor-element elementor-element-2b7fe36c e-con-full e-flex e-con e-parent\" data-id=\"2b7fe36c\" data-element_type=\"container\" data-e-type=\"container\">\n\t\t<div class=\"elementor-element elementor-element-7bc26f3c e-con-full e-flex e-con e-child\" data-id=\"7bc26f3c\" data-element_type=\"container\" data-e-type=\"container\">\n\t\t\t\t<div class=\"elementor-element elementor-element-2117ce11 elementor-widget__width-inherit elementor-widget-divider--view-line elementor-invisible elementor-widget elementor-widget-divider\" data-id=\"2117ce11\" data-element_type=\"widget\" data-e-type=\"widget\" data-settings=\"{&quot;_animation&quot;:&quot;fadeInLeft&quot;}\" data-widget_type=\"divider.default\">\n\t\t\t\t<div class=\"elementor-widget-container\">\n\t\t\t\t\t\t\t<div class=\"elementor-divider\">\n\t\t\t<span class=\"elementor-divider-separator\">\n\t\t\t\t\t\t<\/span>\n\t\t<\/div>\n\t\t\t\t\t\t<\/div>\n\t\t\t\t<\/div>\n\t\t\t\t<div class=\"elementor-element elementor-element-4ab64c89 elementor-widget__width-initial elementor-widget-tablet__width-inherit elementor-widget elementor-widget-heading\" data-id=\"4ab64c89\" data-element_type=\"widget\" data-e-type=\"widget\" data-widget_type=\"heading.default\">\n\t\t\t\t<div class=\"elementor-widget-container\">\n\t\t\t\t\t<h2 class=\"elementor-heading-title elementor-size-default\">An\u00fancios em destaque<\/h2>\t\t\t\t<\/div>\n\t\t\t\t<\/div>\n\t\t\t\t<div class=\"elementor-element elementor-element-737871a5 elementor-widget__width-initial elementor-widget-tablet__width-inherit elementor-widget elementor-widget-text-editor\" data-id=\"737871a5\" data-element_type=\"widget\" data-e-type=\"widget\" data-widget_type=\"text-editor.default\">\n\t\t\t\t<div class=\"elementor-widget-container\">\n\t\t\t\t\t\t\t\t\t<p>Abaixo est\u00e3o as empresas que optaram por apresentar as suas marcas na nossa plataforma mundial, capitalizando oportunidades globais \u00fanicas e provando que o sucesso n\u00e3o conhece limites.<\/p>\t\t\t\t\t\t\t\t<\/div>\n\t\t\t\t<\/div>\n\t\t\t\t<\/div>\n\t\t\t\t<\/div>\n\t\t<div class=\"elementor-element elementor-element-d35be65 e-flex e-con-boxed e-con e-parent\" data-id=\"d35be65\" data-element_type=\"container\" data-e-type=\"container\">\n\t\t\t\t\t<div class=\"e-con-inner\">\n\t\t\t\t<div class=\"elementor-element elementor-element-293355f9 elementor-widget elementor-widget-heading\" data-id=\"293355f9\" data-element_type=\"widget\" data-e-type=\"widget\" data-widget_type=\"heading.default\">\n\t\t\t\t<div class=\"elementor-widget-container\">\n\t\t\t\t\t<h2 class=\"elementor-heading-title elementor-size-default\">Pergunte-nos o que quiser<\/h2>\t\t\t\t<\/div>\n\t\t\t\t<\/div>\n\t\t<div class=\"elementor-element elementor-element-420c509d e-con-full e-flex e-con e-child\" data-id=\"420c509d\" data-element_type=\"container\" data-e-type=\"container\">\n\t\t\t\t<div class=\"elementor-element elementor-element-6faa0e8 elementor-widget__width-initial elementor-widget-tablet__width-inherit elementor-widget elementor-widget-toggle\" data-id=\"6faa0e8\" data-element_type=\"widget\" data-e-type=\"widget\" data-widget_type=\"toggle.default\">\n\t\t\t\t<div class=\"elementor-widget-container\">\n\t\t\t\t\t\t\t<div class=\"elementor-toggle\">\n\t\t\t\t\t\t\t<div class=\"elementor-toggle-item\">\n\t\t\t\t\t<h5 id=\"elementor-tab-title-1171\" class=\"elementor-tab-title\" data-tab=\"1\" role=\"button\" aria-controls=\"elementor-tab-content-1171\" aria-expanded=\"false\">\n\t\t\t\t\t\t\t\t\t\t\t\t<a class=\"elementor-toggle-title\" tabindex=\"0\">O que \u00e9 o Eurosalesman e como pode ajudar a minha empresa?<\/a>\n\t\t\t\t\t<\/h5>\n\n\t\t\t\t\t<div id=\"elementor-tab-content-1171\" class=\"elementor-tab-content elementor-clearfix\" data-tab=\"1\" role=\"region\" aria-labelledby=\"elementor-tab-title-1171\"><p>A Eurosalesman \u00e9 uma plataforma global que ajuda as empresas a expandirem-se para os principais mercados, tirando partido da prote\u00e7\u00e3o de marcas registadas, do acesso ao mercado e de solu\u00e7\u00f5es de publicidade inovadoras. Os nossos servi\u00e7os incluem o registo abrangente de marcas, o acesso a mercados-chave nos cinco continentes, a cria\u00e7\u00e3o de conte\u00fados com base em IA e estrat\u00e9gias de publicidade baseadas em dados. Fornecemos as ferramentas e o apoio necess\u00e1rios para fazer crescer a sua marca, alcan\u00e7ar novos p\u00fablicos e proteger a sua empresa contra infrac\u00e7\u00f5es e contrafac\u00e7\u00f5es.<\/p><\/div>\n\t\t\t\t<\/div>\n\t\t\t\t\t\t\t<div class=\"elementor-toggle-item\">\n\t\t\t\t\t<h5 id=\"elementor-tab-title-1172\" class=\"elementor-tab-title\" data-tab=\"2\" role=\"button\" aria-controls=\"elementor-tab-content-1172\" aria-expanded=\"false\">\n\t\t\t\t\t\t\t\t\t\t\t\t<a class=\"elementor-toggle-title\" tabindex=\"0\">Como \u00e9 que o Eurosalesman protege a minha marca registada?<\/a>\n\t\t\t\t\t<\/h5>\n\n\t\t\t\t\t<div id=\"elementor-tab-content-1172\" class=\"elementor-tab-content elementor-clearfix\" data-tab=\"2\" role=\"region\" aria-labelledby=\"elementor-tab-title-1172\"><p>O Eurosalesman tem parceria com organiza\u00e7\u00f5es l\u00edderes, como o Escrit\u00f3rio de Propriedade Intelectual da Uni\u00e3o Europeia (EUIPO), a Corpora\u00e7\u00e3o da Internet para Atribui\u00e7\u00e3o de Nomes e N\u00fameros (ICANN) e a Organiza\u00e7\u00e3o Mundial de Propriedade Intelectual (WIPO) para oferecer uma prote\u00e7\u00e3o robusta de marcas registradas. Tratamos do registo de marcas, asseguramos a conformidade com as normas internacionais e fornecemos apoio jur\u00eddico para fazer valer os seus direitos contra a utiliza\u00e7\u00e3o n\u00e3o autorizada. O nosso objetivo \u00e9 salvaguardar a identidade e a integridade da sua marca a n\u00edvel global.<\/p><\/div>\n\t\t\t\t<\/div>\n\t\t\t\t\t\t\t<div class=\"elementor-toggle-item\">\n\t\t\t\t\t<h5 id=\"elementor-tab-title-1173\" class=\"elementor-tab-title\" data-tab=\"3\" role=\"button\" aria-controls=\"elementor-tab-content-1173\" aria-expanded=\"false\">\n\t\t\t\t\t\t\t\t\t\t\t\t<a class=\"elementor-toggle-title\" tabindex=\"0\">Adicione uma pergunta frequentemente colocada pelos visitantes e responda-lhe na caixa pendente.<\/a>\n\t\t\t\t\t<\/h5>\n\n\t\t\t\t\t<div id=\"elementor-tab-content-1173\" class=\"elementor-tab-content elementor-clearfix\" data-tab=\"3\" role=\"region\" aria-labelledby=\"elementor-tab-title-1173\"><p>O Eurosalesman fornece acesso a mais de 40 dos principais mercados do mundo, incluindo regi\u00f5es como a Am\u00e9rica, Europa, \u00c1sia, \u00c1frica e Oce\u00e2nia. Cada mercado oferece oportunidades \u00fanicas e a nossa plataforma foi concebida para o ajudar a navegar nestes ambientes diversos com estrat\u00e9gias personalizadas e apoio de marketing localizado. Quer pretenda expandir-se nos EUA, na Europa ou em mercados emergentes em \u00c1frica e na \u00c1sia, o Eurosalesman tem a experi\u00eancia e os recursos para facilitar o seu crescimento.<\/p><\/div>\n\t\t\t\t<\/div>\n\t\t\t\t\t\t\t\t<\/div>\n\t\t\t\t\t\t<\/div>\n\t\t\t\t<\/div>\n\t\t\t\t<div class=\"elementor-element elementor-element-501f2ec8 elementor-widget__width-initial elementor-widget-tablet__width-inherit elementor-widget elementor-widget-toggle\" data-id=\"501f2ec8\" data-element_type=\"widget\" data-e-type=\"widget\" data-widget_type=\"toggle.default\">\n\t\t\t\t<div class=\"elementor-widget-container\">\n\t\t\t\t\t\t\t<div class=\"elementor-toggle\">\n\t\t\t\t\t\t\t<div class=\"elementor-toggle-item\">\n\t\t\t\t\t<h5 id=\"elementor-tab-title-1341\" class=\"elementor-tab-title\" data-tab=\"1\" role=\"button\" aria-controls=\"elementor-tab-content-1341\" aria-expanded=\"false\">\n\t\t\t\t\t\t\t\t\t\t\t\t<a class=\"elementor-toggle-title\" tabindex=\"0\">Qual \u00e9 o papel da IA na plataforma do Eurosalesman?<\/a>\n\t\t\t\t\t<\/h5>\n\n\t\t\t\t\t<div id=\"elementor-tab-content-1341\" class=\"elementor-tab-content elementor-clearfix\" data-tab=\"1\" role=\"region\" aria-labelledby=\"elementor-tab-title-1341\"><p>A IA desempenha um papel crucial no aumento da efici\u00eancia e efic\u00e1cia dos nossos servi\u00e7os. A plataforma do Eurosalesman inclui ferramentas alimentadas por IA que simplificam a cria\u00e7\u00e3o de conte\u00fado para an\u00fancios, garantindo que as suas mensagens sejam optimizadas para o seu p\u00fablico-alvo. Nossa IA analisa dados de mercado, comportamento do consumidor e desempenho de campanhas anteriores para gerar conte\u00fado envolvente e impactante. Esta abordagem ajuda a maximizar o alcance e a efic\u00e1cia dos seus esfor\u00e7os publicit\u00e1rios.<\/p><\/div>\n\t\t\t\t<\/div>\n\t\t\t\t\t\t\t<div class=\"elementor-toggle-item\">\n\t\t\t\t\t<h5 id=\"elementor-tab-title-1342\" class=\"elementor-tab-title\" data-tab=\"2\" role=\"button\" aria-controls=\"elementor-tab-content-1342\" aria-expanded=\"false\">\n\t\t\t\t\t\t\t\t\t\t\t\t<a class=\"elementor-toggle-title\" tabindex=\"0\">Como \u00e9 que o Google Analytics melhora as minhas campanhas publicit\u00e1rias com o Eurosalesman?<\/a>\n\t\t\t\t\t<\/h5>\n\n\t\t\t\t\t<div id=\"elementor-tab-content-1342\" class=\"elementor-tab-content elementor-clearfix\" data-tab=\"2\" role=\"region\" aria-labelledby=\"elementor-tab-title-1342\"><p>O Google Analytics fornece informa\u00e7\u00f5es valiosas sobre o desempenho dos seus an\u00fancios, ajudando-o a compreender o seu p\u00fablico, a acompanhar o comportamento dos utilizadores e a medir as convers\u00f5es. Ao integrar o Google Analytics na plataforma do Eurosalesman, oferecemos-lhe dados detalhados que permitem ajustes em tempo real e a otimiza\u00e7\u00e3o das suas estrat\u00e9gias de marketing. Esta abordagem orientada para os dados garante que as suas campanhas est\u00e3o sempre alinhadas com os seus objectivos de neg\u00f3cio e que apresentam os melhores resultados poss\u00edveis.<\/p><\/div>\n\t\t\t\t<\/div>\n\t\t\t\t\t\t\t<div class=\"elementor-toggle-item\">\n\t\t\t\t\t<h5 id=\"elementor-tab-title-1343\" class=\"elementor-tab-title\" data-tab=\"3\" role=\"button\" aria-controls=\"elementor-tab-content-1343\" aria-expanded=\"false\">\n\t\t\t\t\t\t\t\t\t\t\t\t<a class=\"elementor-toggle-title\" tabindex=\"0\">Como \u00e9 que come\u00e7o a utilizar o Eurosalesman?<\/a>\n\t\t\t\t\t<\/h5>\n\n\t\t\t\t\t<div id=\"elementor-tab-content-1343\" class=\"elementor-tab-content elementor-clearfix\" data-tab=\"3\" role=\"region\" aria-labelledby=\"elementor-tab-title-1343\"><p>Come\u00e7ar a trabalhar com o Eurosalesman \u00e9 f\u00e1cil! Basta contactar-nos atrav\u00e9s do nosso website para discutir as suas necessidades e objectivos comerciais. A nossa equipa de especialistas ir\u00e1 gui\u00e1-lo atrav\u00e9s do processo de registo da marca, entrada no mercado e cria\u00e7\u00e3o das suas campanhas publicit\u00e1rias. Fornecemos apoio personalizado para garantir que a sua marca est\u00e1 protegida e posicionada para o sucesso no mercado global.<\/p><\/div>\n\t\t\t\t<\/div>\n\t\t\t\t\t\t\t\t<\/div>\n\t\t\t\t\t\t<\/div>\n\t\t\t\t<\/div>\n\t\t\t\t<\/div>\n\t\t\t\t\t<\/div>\n\t\t\t\t<\/div>\n\t\t<div class=\"elementor-element elementor-element-6c319ae4 e-con-full e-flex e-con e-parent\" data-id=\"6c319ae4\" data-element_type=\"container\" data-e-type=\"container\" data-settings=\"{&quot;background_background&quot;:&quot;classic&quot;}\">\n\t\t<div class=\"elementor-element elementor-element-37b4ba96 e-con-full e-flex e-con e-child\" data-id=\"37b4ba96\" data-element_type=\"container\" data-e-type=\"container\">\n\t\t\t\t<div class=\"elementor-element elementor-element-45364651 elementor-invisible elementor-widget elementor-widget-heading\" data-id=\"45364651\" data-element_type=\"widget\" data-e-type=\"widget\" data-settings=\"{&quot;_animation&quot;:&quot;fadeIn&quot;}\" data-widget_type=\"heading.default\">\n\t\t\t\t<div class=\"elementor-widget-container\">\n\t\t\t\t\t<h2 class=\"elementor-heading-title elementor-size-default\">Quer impulsionar o seu neg\u00f3cio hoje?<\/h2>\t\t\t\t<\/div>\n\t\t\t\t<\/div>\n\t\t\t\t<div class=\"elementor-element elementor-element-504675cf elementor-widget elementor-widget-text-editor\" data-id=\"504675cf\" data-element_type=\"widget\" data-e-type=\"widget\" data-settings=\"{&quot;_animation&quot;:&quot;none&quot;}\" data-widget_type=\"text-editor.default\">\n\t\t\t\t<div class=\"elementor-widget-container\">\n\t\t\t\t\t\t\t\t\t<p>Contacte-nos hoje para saber mais sobre como podemos ajud\u00e1-lo a atingir os seus objectivos de marketing com precis\u00e3o e confian\u00e7a.<\/p>\t\t\t\t\t\t\t\t<\/div>\n\t\t\t\t<\/div>\n\t\t\t\t<div class=\"elementor-element elementor-element-3ae1130e elementor-align-justify elementor-widget__width-initial elementor-widget elementor-widget-button\" data-id=\"3ae1130e\" data-element_type=\"widget\" data-e-type=\"widget\" data-widget_type=\"button.default\">\n\t\t\t\t<div class=\"elementor-widget-container\">\n\t\t\t\t\t\t\t\t\t<div class=\"elementor-button-wrapper\">\n\t\t\t\t\t<a class=\"elementor-button elementor-size-sm\" role=\"button\">\n\t\t\t\t\t\t<span class=\"elementor-button-content-wrapper\">\n\t\t\t\t\t\t\t\t\t<span class=\"elementor-button-text\">contactar-nos<\/span>\n\t\t\t\t\t<\/span>\n\t\t\t\t\t<\/a>\n\t\t\t\t<\/div>\n\t\t\t\t\t\t\t\t<\/div>\n\t\t\t\t<\/div>\n\t\t\t\t<\/div>\n\t\t<div class=\"elementor-element elementor-element-601c882b e-con-full e-flex e-con e-child\" data-id=\"601c882b\" data-element_type=\"container\" data-e-type=\"container\" data-settings=\"{&quot;background_background&quot;:&quot;classic&quot;}\">\n\t\t\t\t<\/div>\n\t\t\t\t<\/div>\n\t\t\t\t<\/div>","protected":false},"excerpt":{"rendered":"<p>World &#8211; Unlock Global Business Opportunities! Step into a dynamic, borderless market where your brand can thrive on a global scale. With Eurosalesman\u00ae, tap into the vast potential of international markets, reaching consumers from every corner of the globe and expanding your influence beyond boundaries. Featured Ads Below are the companies that have chosen to [&hellip;]<\/p>","protected":false},"author":3,"featured_media":0,"parent":0,"menu_order":0,"comment_status":"closed","ping_status":"closed","template":"elementor_header_footer","meta":{"footnotes":""},"class_list":["post-78","page","type-page","status-publish","hentry"],"_links":{"self":[{"href":"https:\/\/eurosalesman.world\/pt\/wp-json\/wp\/v2\/pages\/78","targetHints":{"allow":["GET"]}}],"collection":[{"href":"https:\/\/eurosalesman.world\/pt\/wp-json\/wp\/v2\/pages"}],"about":[{"href":"https:\/\/eurosalesman.world\/pt\/wp-json\/wp\/v2\/types\/page"}],"author":[{"embeddable":true,"href":"https:\/\/eurosalesman.world\/pt\/wp-json\/wp\/v2\/users\/3"}],"replies":[{"embeddable":true,"href":"https:\/\/eurosalesman.world\/pt\/wp-json\/wp\/v2\/comments?post=78"}],"version-history":[{"count":10,"href":"https:\/\/eurosalesman.world\/pt\/wp-json\/wp\/v2\/pages\/78\/revisions"}],"predecessor-version":[{"id":132,"href":"https:\/\/eurosalesman.world\/pt\/wp-json\/wp\/v2\/pages\/78\/revisions\/132"}],"wp:attachment":[{"href":"https:\/\/eurosalesman.world\/pt\/wp-json\/wp\/v2\/media?parent=78"}],"curies":[{"name":"wp","href":"https:\/\/api.w.org\/{rel}","templated":true}]}}